{"id":44,"date":"2023-03-01T20:00:51","date_gmt":"2023-03-01T19:00:51","guid":{"rendered":"http:\/\/brouseni-petzuch.cz\/?page_id=44"},"modified":"2023-03-01T20:22:17","modified_gmt":"2023-03-01T19:22:17","slug":"uvod","status":"publish","type":"page","link":"https:\/\/brouseni-petzuch.cz\/","title":{"rendered":"\u00davodn\u00ed str\u00e1nka"},"content":{"rendered":"\n<h1 class=\"alignwide has-text-align-center wp-block-heading\">Z\u016fsta\u0148te ost\u0159\u00ed Vy i Va\u0161e n\u00e1stroje<\/h1>\n\n\n\n<div style=\"height:100px\" aria-hidden=\"true\" class=\"wp-block-spacer\"><\/div>\n\n\n\n<hr class=\"wp-block-separator has-alpha-channel-opacity\"\/>\n\n\n\n<p class=\"has-text-align-center\">Ahoj! Jsem Va\u0161ek.<\/p>\n\n\n\n<p class=\"has-text-align-center\">&#8230; a&nbsp;brou\u0161en\u00ed je m\u00fdm velk\u00fdm kon\u00ed\u010dkem. Pravideln\u011b zachra\u0148uji nejednoho kucha\u0159e od \u00farazu tup\u00fdm no\u017eem a&nbsp;chr\u00e1n\u00edm kvalitu pr\u00e1ce \u0161ikovn\u00fdch \u0159emesln\u00edk\u016f.<\/p>\n\n\n\n<p class=\"has-text-align-center\">Jsem tu od toho, abych zachr\u00e1nil i&nbsp;V\u00e1s. Brous\u00edm ve sv\u00e9m voln\u00e9m \u010dase, a&nbsp;proto si m\u016f\u017eu dovolit v\u011bnovat brou\u0161en\u00ed v\u00edce \u010dasu, ne\u017e je b\u011b\u017en\u00e9. Jsem pe\u010dliv\u00fd a&nbsp;precizn\u00ed.<\/p>\n\n\n\n<p class=\"has-text-align-center\">A hlavn\u011b m\u011b to prost\u011b bav\u00ed.<\/p>\n\n\n\n<hr class=\"wp-block-separator has-alpha-channel-opacity\"\/>\n\n\n\n<div style=\"height:20px\" aria-hidden=\"true\" class=\"wp-block-spacer\"><\/div>\n\n\n\n<div class=\"wp-block-cover alignfull\"><span aria-hidden=\"true\" class=\"wp-block-cover__background has-background-dim-100 has-background-dim\" style=\"background-color:#6f867e\"><\/span><div class=\"wp-block-cover__inner-container is-layout-flow wp-block-cover-is-layout-flow\">\n<h2 class=\"has-text-align-center wp-block-heading\">Slu\u017eby<\/h2>\n\n\n\n<div class=\"wp-block-columns alignwide is-layout-flex wp-container-core-columns-is-layout-9d6595d7 wp-block-columns-is-layout-flex\">\n<div class=\"wp-block-column is-layout-flow wp-block-column-is-layout-flow\">\n<h3 class=\"has-text-align-center wp-block-heading\">No\u017ee<\/h3>\n\n\n\n<p class=\"has-text-align-center\">Od kuchy\u0148sk\u00fdch, p\u0159es kapesn\u00ed nebo loveck\u00e9 no\u017ee a\u017e po&nbsp;no\u017ee do&nbsp;seka\u010dek &#8211; v\u0161e zvl\u00e1dnu.<\/p>\n<\/div>\n\n\n\n<div class=\"wp-block-column is-layout-flow wp-block-column-is-layout-flow\">\n<h3 class=\"has-text-align-center wp-block-heading\">Drobn\u00e9 opravy<\/h3>\n\n\n\n<p class=\"has-text-align-center\">Brou\u0161en\u00edm to nekon\u010d\u00ed. Ulomen\u00e9 \u0161pi\u010dky nebo zuby v&nbsp;ost\u0159\u00ed oprav\u00edm.<\/p>\n<\/div>\n\n\n\n<div class=\"wp-block-column is-layout-flow wp-block-column-is-layout-flow\">\n<h3 class=\"has-text-align-center wp-block-heading\">N\u00e1stroje<\/h3>\n\n\n\n<p class=\"has-text-align-center\">Po\u0159\u00e1dn\u00e1 p\u00e9\u010de pro po\u0159\u00e1dn\u00e9 n\u00e1stroje. Dl\u00e1ta, sekery, sek\u00e1\u010dky a&nbsp;jin\u00e9 n\u00e1stroje brous\u00edm tak\u00e9.<\/p>\n<\/div>\n\n\n\n<div class=\"wp-block-column is-layout-flow wp-block-column-is-layout-flow\">\n<h3 class=\"has-text-align-center wp-block-heading\">N\u016f\u017eky<\/h3>\n\n\n\n<p class=\"has-text-align-center\">Kancel\u00e1\u0159sk\u00e9, krej\u010dovsk\u00e9 \u010di oby\u010dejn\u00e9. Krom\u011b manik\u00farn\u00edch, kade\u0159nick\u00fdch a&nbsp;n\u016f\u017eek ur\u010den\u00fdch na&nbsp;st\u0159\u00edh\u00e1n\u00ed dom\u00e1c\u00edch mazl\u00ed\u010dku, si u&nbsp;m\u011b p\u0159ijdou v\u0161ichni na&nbsp;sv\u00e9.<\/p>\n<\/div>\n<\/div>\n<\/div><\/div>\n\n\n\n<div class=\"wp-block-group\"><div class=\"wp-block-group__inner-container is-layout-constrained wp-block-group-is-layout-constrained\">\n<h2 class=\"wp-block-heading\">JAK TO CEL\u00c9 FUNGUJE?<\/h2>\n\n\n\n<p>Nem\u00e1m pevnou otev\u00edrac\u00ed dobu a\u00a0nejsem v\u00a0d\u00edln\u011b ka\u017ed\u00fd den, proto m\u011b kontaktujte&#8230;&#8230;..<\/p>\n\n\n\n<p>Dopsat jak funguje, pos\u00edl\u00e1n\u00ed po\u0161tou, vyzvednut\u00ed, odkaz na cen\u00edk atd.<\/p>\n<\/div><\/div>\n\n\n\n<p>ds<\/p>\n\n\n\n<p>asd<\/p>\n\n\n\n<p>das<\/p>\n\n\n\n<p>das<\/p>\n\n\n\n<p><\/p>\n\n\n\n<div class=\"wp-block-cover alignfull\"><span aria-hidden=\"true\" class=\"wp-block-cover__background has-background-dim-100 has-background-dim\" style=\"background-color:#6f867e\"><\/span><div class=\"wp-block-cover__inner-container is-layout-flow wp-block-cover-is-layout-flow\">\n<div class=\"wp-block-columns alignwide is-layout-flex wp-container-core-columns-is-layout-9d6595d7 wp-block-columns-is-layout-flex\">\n<div class=\"wp-block-column is-layout-flow wp-block-column-is-layout-flow\">\n<h3 class=\"has-text-align-center wp-block-heading\">No\u017ee<\/h3>\n\n\n\n<p class=\"has-text-align-center\">Od kuchy\u0148sk\u00fdch, p\u0159es kapesn\u00ed nebo loveck\u00e9 no\u017ee a\u017e po&nbsp;no\u017ee do&nbsp;seka\u010dek &#8211; v\u0161e zvl\u00e1dnu.<\/p>\n<\/div>\n\n\n\n<div class=\"wp-block-column is-layout-flow wp-block-column-is-layout-flow\">\n<h3 class=\"has-text-align-center wp-block-heading\">Drobn\u00e9 opravy<\/h3>\n\n\n\n<p class=\"has-text-align-center\">Brou\u0161en\u00edm to nekon\u010d\u00ed. Ulomen\u00e9 \u0161pi\u010dky nebo zuby v&nbsp;ost\u0159\u00ed oprav\u00edm.<\/p>\n<\/div>\n\n\n\n<div class=\"wp-block-column is-layout-flow wp-block-column-is-layout-flow\">\n<h3 class=\"has-text-align-center wp-block-heading\">N\u00e1stroje<\/h3>\n\n\n\n<p class=\"has-text-align-center\">Po\u0159\u00e1dn\u00e1 p\u00e9\u010de pro po\u0159\u00e1dn\u00e9 n\u00e1stroje. Dl\u00e1ta, sekery, sek\u00e1\u010dky a&nbsp;jin\u00e9 n\u00e1stroje brous\u00edm tak\u00e9.<\/p>\n<\/div>\n\n\n\n<div class=\"wp-block-column is-layout-flow wp-block-column-is-layout-flow\">\n<h3 class=\"has-text-align-center wp-block-heading\">N\u016f\u017eky<\/h3>\n\n\n\n<p class=\"has-text-align-center\">Kancel\u00e1\u0159sk\u00e9, krej\u010dovsk\u00e9 \u010di oby\u010dejn\u00e9. Krom\u011b manik\u00farn\u00edch, kade\u0159nick\u00fdch a&nbsp;n\u016f\u017eek ur\u010den\u00fdch na&nbsp;st\u0159\u00edh\u00e1n\u00ed dom\u00e1c\u00edch mazl\u00ed\u010dku, si u&nbsp;m\u011b p\u0159ijdou v\u0161ichni na&nbsp;sv\u00e9.<\/p>\n<\/div>\n<\/div>\n<\/div><\/div>\n","protected":false},"excerpt":{"rendered":"<p>Z\u016fsta\u0148te ost\u0159\u00ed Vy i Va\u0161e n\u00e1stroje Ahoj! Jsem Va\u0161ek. &#8230; a&nbsp;brou\u0161en\u00ed je m\u00fdm velk\u00fdm kon\u00ed\u010dkem. Pravideln\u011b zachra\u0148uji nejednoho kucha\u0159e od \u00farazu tup\u00fdm no\u017eem a&nbsp;chr\u00e1n\u00edm kvalitu pr\u00e1ce \u0161ikovn\u00fdch \u0159emesln\u00edk\u016f. Jsem tu od toho, abych zachr\u00e1nil i&nbsp;V\u00e1s. Brous\u00edm ve sv\u00e9m voln\u00e9m \u010dase, a&nbsp;proto si m\u016f\u017eu dovolit v\u011bnovat brou\u0161en\u00ed v\u00edce \u010dasu, ne\u017e je b\u011b\u017en\u00e9. Jsem pe\u010dliv\u00fd a&nbsp;precizn\u00ed. A&hellip; <a class=\"more-link\" href=\"https:\/\/brouseni-petzuch.cz\/\">Pokra\u010dovat ve\u00a0\u010dten\u00ed <span class=\"screen-reader-text\">\u00davodn\u00ed str\u00e1nka<\/span><\/a><\/p>\n","protected":false},"author":2,"featured_media":0,"parent":0,"menu_order":0,"comment_status":"closed","ping_status":"closed","template":"","meta":{"footnotes":""},"class_list":["post-44","page","type-page","status-publish","hentry","entry"],"_links":{"self":[{"href":"https:\/\/brouseni-petzuch.cz\/index.php?rest_route=\/wp\/v2\/pages\/44","targetHints":{"allow":["GET"]}}],"collection":[{"href":"https:\/\/brouseni-petzuch.cz\/index.php?rest_route=\/wp\/v2\/pages"}],"about":[{"href":"https:\/\/brouseni-petzuch.cz\/index.php?rest_route=\/wp\/v2\/types\/page"}],"author":[{"embeddable":true,"href":"https:\/\/brouseni-petzuch.cz\/index.php?rest_route=\/wp\/v2\/users\/2"}],"replies":[{"embeddable":true,"href":"https:\/\/brouseni-petzuch.cz\/index.php?rest_route=%2Fwp%2Fv2%2Fcomments&post=44"}],"version-history":[{"count":6,"href":"https:\/\/brouseni-petzuch.cz\/index.php?rest_route=\/wp\/v2\/pages\/44\/revisions"}],"predecessor-version":[{"id":53,"href":"https:\/\/brouseni-petzuch.cz\/index.php?rest_route=\/wp\/v2\/pages\/44\/revisions\/53"}],"wp:attachment":[{"href":"https:\/\/brouseni-petzuch.cz\/index.php?rest_route=%2Fwp%2Fv2%2Fmedia&parent=44"}],"curies":[{"name":"wp","href":"https:\/\/api.w.org\/{rel}","templated":true}]}}